{"id":1988,"date":"2018-08-30T14:19:50","date_gmt":"2018-08-30T12:19:50","guid":{"rendered":"https:\/\/www.financetop.ro\/?page_id=1988"},"modified":"2025-12-17T11:39:16","modified_gmt":"2025-12-17T08:39:16","slug":"politica-de-confidentialitate","status":"publish","type":"page","link":"https:\/\/www.financetop.ro\/it\/politica-de-confidentialitate\/","title":{"rendered":"Politic\u0103 de confiden\u021bialitate"},"content":{"rendered":"<p><\/p>\n<h2>Chi sei (siamo)<\/h2>\n<p>L&#8217;indirizzo del sito web \u00e8: https:\/\/www.financetop.ro.<\/p>\n<h2>Quali dati personali raccogliamo e perch\u00e9 li raccogliamo<\/h2>\n<h3>Moduli di contatto<\/h3>\n<p>Ingombrante per eseguire: la trasmissione di comunicazioni, informazioni, contratti, fatture, in\u015ftin\u0163\u0103ri ritardi nei pagamenti notifiche, citazione, comunicazioni, gli straordinari, le dichiarazioni\u00a0 ogni cliente.<\/p>\n<h3>Cookie<\/h3>\n<p>I cookie sono piccoli file di testo che possono essere utilizzati dai siti Web per rendere pi\u00f9 efficace il loro utilizzo.<\/p>\n<p>La legge stabilisce che memorizziamo cookie sul dispositivo, dove sono strettamente necessari per il funzionamento di questo sito.<\/p>\n<h2>Per quanto tempo conserviamo i tuoi dati<\/h2>\n<p>Per i visitatori che hanno un&#8217;applicazione sul nostro sito web, informazioni personali fornite nel modulo sar\u00e0 trovato solo in stretto fino ad inviarmi email necessari ma non pi\u00f9 di 30 giorni.<\/p>\n<h2>Quali diritti hai sui tuoi dati<\/h2>\n<p>Se si dispone di un account su questo sito, \u00e8 possibile richiedere di ricevere un file di esportazione con le informazioni personali che abbiamo su di voi, compresi tutti i dati che abbiamo fornito. Puoi anche chiederci di cancellare tutti i dati personali in nostro possesso. Non includono tutti i dati che siamo tenuti a conservare per scopi amministrativi, legali o di sicurezza.<\/p>\n<h2>I dati oggetto del presente saranno rigorosamente utilizzati per i seguenti scopi:<\/h2>\n<ul>\n<li style=\"list-style-type: none;\">\n<ul>\n<li>L&#8217;invio di messaggi di posta elettronica per trasmettere le comunicazioni, informazioni, contratti, fatture, in\u015ftin\u0163\u0103ri ritardi nei pagamenti notifiche, citazione, comunicazioni, gli straordinari, le dichiarazioni nesuprapunere in collaborazione con i seguenti partner:<\/li>\n<\/ul>\n<\/li>\n<\/ul>\n<ul>\n<li style=\"list-style-type: none;\">\n<ul>\n<li style=\"list-style-type: none;\">\n<ul>\n<li>Notai pubblici;<\/li>\n<li>Le banche;<\/li>\n<li>Registro del commercio;<\/li>\n<li>ANAF;<\/li>\n<li>ITM;<\/li>\n<li>CAS e CASMB;<\/li>\n<li>DIREZIONE PER TASSE E TASSE;<\/li>\n<li>SINDACI;<\/li>\n<li>POLITICA E RARA;<\/li>\n<li>ORI;<\/li>\n<li>FONDI UE.<\/li>\n<\/ul>\n<\/li>\n<\/ul>\n<\/li>\n<\/ul>\n<h2>Informazioni di contatto<\/h2>\n<p>In caso di domande sulla protezione dei dati, si prega di contattare il responsabile della protezione dei dati in qualsiasi momento.<br \/>\n<strong>Dna Petrescu Silvia<\/strong><\/p>\n<p>Str. Bdul Regina Maria 32, Settore 4, Bucarest<br \/>\nTelefono: +4 021 405 1300<br \/>\nE-Mail: office<a>(at)financetop.ro<\/a><\/p>","protected":false},"excerpt":{"rendered":"<p>Chi sei (siamo) L&#8217;indirizzo del sito web \u00e8: https:\/\/www.financetop.ro. Quali dati personali raccogliamo e perch\u00e9 li raccogliamo Moduli di contatto Ingombrante per eseguire: la trasmissione di comunicazioni, informazioni, contratti, fatture, in\u015ftin\u0163\u0103ri ritardi nei pagamenti notifiche, citazione, comunicazioni, gli straordinari, le dichiarazioni\u00a0 ogni cliente. Cookie I cookie sono piccoli file di testo che possono essere utilizzati [&hellip;]<\/p>\n","protected":false},"author":1,"featured_media":0,"parent":0,"menu_order":0,"comment_status":"closed","ping_status":"closed","template":"","meta":{"footnotes":""},"yoast_head":"<!-- This site is optimized with the Yoast SEO plugin v23.5 - https:\/\/yoast.com\/wordpress\/plugins\/seo\/ -->\n<title>Politic\u0103 de confiden\u021bialitate - FINANCETOP ACCOUNTING<\/title>\n<meta name=\"robots\" content=\"index, follow, max-snippet:-1, max-image-preview:large, max-video-preview:-1\" \/>\n<link rel=\"canonical\" href=\"https:\/\/www.financetop.ro\/politica-de-confidentialitate\/\" \/>\n<meta property=\"og:locale\" content=\"it_IT\" \/>\n<meta property=\"og:type\" content=\"article\" \/>\n<meta property=\"og:title\" content=\"Politic\u0103 de confiden\u021bialitate - FINANCETOP ACCOUNTING\" \/>\n<meta property=\"og:description\" content=\"Chi sei (siamo) L&#8217;indirizzo del sito web \u00e8: https:\/\/www.financetop.ro. Quali dati personali raccogliamo e perch\u00e9 li raccogliamo Moduli di contatto Ingombrante per eseguire: la trasmissione di comunicazioni, informazioni, contratti, fatture, in\u015ftin\u0163\u0103ri ritardi nei pagamenti notifiche, citazione, comunicazioni, gli straordinari, le dichiarazioni\u00a0 ogni cliente. Cookie I cookie sono piccoli file di testo che possono essere utilizzati [&hellip;]\" \/>\n<meta property=\"og:url\" content=\"https:\/\/www.financetop.ro\/politica-de-confidentialitate\/\" \/>\n<meta property=\"og:site_name\" content=\"FINANCETOP ACCOUNTING\" \/>\n<meta property=\"article:publisher\" content=\"https:\/\/www.facebook.com\/SAFTInterpret\" \/>\n<meta property=\"article:modified_time\" content=\"2025-12-17T08:39:16+00:00\" \/>\n<meta name=\"twitter:card\" content=\"summary_large_image\" \/>\n<meta name=\"twitter:label1\" content=\"Tempo di lettura stimato\" \/>\n\t<meta name=\"twitter:data1\" content=\"2 minuti\" \/>\n<script type=\"application\/ld+json\" class=\"yoast-schema-graph\">{\"@context\":\"https:\/\/schema.org\",\"@graph\":[{\"@type\":\"WebPage\",\"@id\":\"https:\/\/www.financetop.ro\/politica-de-confidentialitate\/\",\"url\":\"https:\/\/www.financetop.ro\/politica-de-confidentialitate\/\",\"name\":\"Politic\u0103 de confiden\u021bialitate - FINANCETOP ACCOUNTING\",\"isPartOf\":{\"@id\":\"https:\/\/www.financetop.ro\/#website\"},\"datePublished\":\"2018-08-30T12:19:50+00:00\",\"dateModified\":\"2025-12-17T08:39:16+00:00\",\"breadcrumb\":{\"@id\":\"https:\/\/www.financetop.ro\/politica-de-confidentialitate\/#breadcrumb\"},\"inLanguage\":\"it-IT\",\"potentialAction\":[{\"@type\":\"ReadAction\",\"target\":[\"https:\/\/www.financetop.ro\/politica-de-confidentialitate\/\"]}]},{\"@type\":\"BreadcrumbList\",\"@id\":\"https:\/\/www.financetop.ro\/politica-de-confidentialitate\/#breadcrumb\",\"itemListElement\":[{\"@type\":\"ListItem\",\"position\":1,\"name\":\"Prima pagin\u0103\",\"item\":\"https:\/\/www.financetop.ro\/\"},{\"@type\":\"ListItem\",\"position\":2,\"name\":\"Politic\u0103 de confiden\u021bialitate\"}]},{\"@type\":\"WebSite\",\"@id\":\"https:\/\/www.financetop.ro\/#website\",\"url\":\"https:\/\/www.financetop.ro\/\",\"name\":\"FINANCETOP ACCOUNTING\",\"description\":\"(Rom\u00e2n\u0103) Contati cu Noi, Contati pe Noi\",\"publisher\":{\"@id\":\"https:\/\/www.financetop.ro\/#organization\"},\"potentialAction\":[{\"@type\":\"SearchAction\",\"target\":{\"@type\":\"EntryPoint\",\"urlTemplate\":\"https:\/\/www.financetop.ro\/?s={search_term_string}\"},\"query-input\":{\"@type\":\"PropertyValueSpecification\",\"valueRequired\":true,\"valueName\":\"search_term_string\"}}],\"inLanguage\":\"it-IT\"},{\"@type\":\"Organization\",\"@id\":\"https:\/\/www.financetop.ro\/#organization\",\"name\":\"FINANCETOP ACCOUNTING\",\"url\":\"https:\/\/www.financetop.ro\/\",\"logo\":{\"@type\":\"ImageObject\",\"inLanguage\":\"it-IT\",\"@id\":\"https:\/\/www.financetop.ro\/#\/schema\/logo\/image\/\",\"url\":\"https:\/\/www.financetop.ro\/wp-content\/uploads\/2019\/05\/logo.jpg\",\"contentUrl\":\"https:\/\/www.financetop.ro\/wp-content\/uploads\/2019\/05\/logo.jpg\",\"width\":271,\"height\":97,\"caption\":\"FINANCETOP ACCOUNTING\"},\"image\":{\"@id\":\"https:\/\/www.financetop.ro\/#\/schema\/logo\/image\/\"},\"sameAs\":[\"https:\/\/www.facebook.com\/SAFTInterpret\"]}]}<\/script>\n<!-- \/ Yoast SEO plugin. -->","yoast_head_json":{"title":"Politic\u0103 de confiden\u021bialitate - FINANCETOP ACCOUNTING","robots":{"index":"index","follow":"follow","max-snippet":"max-snippet:-1","max-image-preview":"max-image-preview:large","max-video-preview":"max-video-preview:-1"},"canonical":"https:\/\/www.financetop.ro\/politica-de-confidentialitate\/","og_locale":"it_IT","og_type":"article","og_title":"Politic\u0103 de confiden\u021bialitate - FINANCETOP ACCOUNTING","og_description":"Chi sei (siamo) L&#8217;indirizzo del sito web \u00e8: https:\/\/www.financetop.ro. Quali dati personali raccogliamo e perch\u00e9 li raccogliamo Moduli di contatto Ingombrante per eseguire: la trasmissione di comunicazioni, informazioni, contratti, fatture, in\u015ftin\u0163\u0103ri ritardi nei pagamenti notifiche, citazione, comunicazioni, gli straordinari, le dichiarazioni\u00a0 ogni cliente. Cookie I cookie sono piccoli file di testo che possono essere utilizzati [&hellip;]","og_url":"https:\/\/www.financetop.ro\/politica-de-confidentialitate\/","og_site_name":"FINANCETOP ACCOUNTING","article_publisher":"https:\/\/www.facebook.com\/SAFTInterpret","article_modified_time":"2025-12-17T08:39:16+00:00","twitter_card":"summary_large_image","twitter_misc":{"Tempo di lettura stimato":"2 minuti"},"schema":{"@context":"https:\/\/schema.org","@graph":[{"@type":"WebPage","@id":"https:\/\/www.financetop.ro\/politica-de-confidentialitate\/","url":"https:\/\/www.financetop.ro\/politica-de-confidentialitate\/","name":"Politic\u0103 de confiden\u021bialitate - FINANCETOP ACCOUNTING","isPartOf":{"@id":"https:\/\/www.financetop.ro\/#website"},"datePublished":"2018-08-30T12:19:50+00:00","dateModified":"2025-12-17T08:39:16+00:00","breadcrumb":{"@id":"https:\/\/www.financetop.ro\/politica-de-confidentialitate\/#breadcrumb"},"inLanguage":"it-IT","potentialAction":[{"@type":"ReadAction","target":["https:\/\/www.financetop.ro\/politica-de-confidentialitate\/"]}]},{"@type":"BreadcrumbList","@id":"https:\/\/www.financetop.ro\/politica-de-confidentialitate\/#breadcrumb","itemListElement":[{"@type":"ListItem","position":1,"name":"Prima pagin\u0103","item":"https:\/\/www.financetop.ro\/"},{"@type":"ListItem","position":2,"name":"Politic\u0103 de confiden\u021bialitate"}]},{"@type":"WebSite","@id":"https:\/\/www.financetop.ro\/#website","url":"https:\/\/www.financetop.ro\/","name":"FINANCETOP ACCOUNTING","description":"(Rom\u00e2n\u0103) Contati cu Noi, Contati pe Noi","publisher":{"@id":"https:\/\/www.financetop.ro\/#organization"},"potentialAction":[{"@type":"SearchAction","target":{"@type":"EntryPoint","urlTemplate":"https:\/\/www.financetop.ro\/?s={search_term_string}"},"query-input":{"@type":"PropertyValueSpecification","valueRequired":true,"valueName":"search_term_string"}}],"inLanguage":"it-IT"},{"@type":"Organization","@id":"https:\/\/www.financetop.ro\/#organization","name":"FINANCETOP ACCOUNTING","url":"https:\/\/www.financetop.ro\/","logo":{"@type":"ImageObject","inLanguage":"it-IT","@id":"https:\/\/www.financetop.ro\/#\/schema\/logo\/image\/","url":"https:\/\/www.financetop.ro\/wp-content\/uploads\/2019\/05\/logo.jpg","contentUrl":"https:\/\/www.financetop.ro\/wp-content\/uploads\/2019\/05\/logo.jpg","width":271,"height":97,"caption":"FINANCETOP ACCOUNTING"},"image":{"@id":"https:\/\/www.financetop.ro\/#\/schema\/logo\/image\/"},"sameAs":["https:\/\/www.facebook.com\/SAFTInterpret"]}]}},"_links":{"self":[{"href":"https:\/\/www.financetop.ro\/it\/wp-json\/wp\/v2\/pages\/1988"}],"collection":[{"href":"https:\/\/www.financetop.ro\/it\/wp-json\/wp\/v2\/pages"}],"about":[{"href":"https:\/\/www.financetop.ro\/it\/wp-json\/wp\/v2\/types\/page"}],"author":[{"embeddable":true,"href":"https:\/\/www.financetop.ro\/it\/wp-json\/wp\/v2\/users\/1"}],"replies":[{"embeddable":true,"href":"https:\/\/www.financetop.ro\/it\/wp-json\/wp\/v2\/comments?post=1988"}],"version-history":[{"count":3,"href":"https:\/\/www.financetop.ro\/it\/wp-json\/wp\/v2\/pages\/1988\/revisions"}],"predecessor-version":[{"id":3338,"href":"https:\/\/www.financetop.ro\/it\/wp-json\/wp\/v2\/pages\/1988\/revisions\/3338"}],"wp:attachment":[{"href":"https:\/\/www.financetop.ro\/it\/wp-json\/wp\/v2\/media?parent=1988"}],"curies":[{"name":"wp","href":"https:\/\/api.w.org\/{rel}","templated":true}]}}