{"id":1927,"date":"2018-08-27T15:49:23","date_gmt":"2018-08-27T13:49:23","guid":{"rendered":"https:\/\/www.financetop.ro\/?page_id=1927"},"modified":"2021-07-19T10:36:47","modified_gmt":"2021-07-19T07:36:47","slug":"rapoarte-si-analiza-speciale","status":"publish","type":"page","link":"https:\/\/www.financetop.ro\/it\/servicii\/rapoarte-si-analiza-speciale\/","title":{"rendered":"Rapporti e Analisi Speciali"},"content":{"rendered":"<p>[vc_row][vc_column]<!-- #TRX_GAP_START# --><div class=\"sc_section\"><div class=\"sc_content content_wrap\"><h1 class=\"sc_title sc_title_regular sc_align_center \" style=\"text-align:center;\"><\/p>\n<h2 class=\"section-title\" style=\"text-align: center;\">Rapporti e Analisi Speciali<\/h2>\n<p><\/h1>[vc_progress_bar values=&#8221;90|Calcolo dei costi,80|Contabilit\u00e0,65|Ristrutturazione della contabilit\u00e0 dell&#8217;anno precedente,78|Analisi dei crediti e debiti&#8221; bgcolor=&#8221;bar_blue&#8221; options=&#8221;striped&#8221; units=&#8221;%&#8221;][vc_empty_space][vc_column_text]<\/p>\n<p style=\"text-align: justify;\">Team <strong>Financetop <\/strong><strong>Accounting<\/strong> analizzer\u00e0 e redigere relazioni periodiche e richiedere contabile specifico e analisi finanziaria. l&#8217;analisi dei dati professionale e accurato e in tempo reale, consentono ai clienti di essere in grado di prendere il tempo e prendere la decisione migliore per loro. Solo con pertinenti e tempestive ottenute, pu\u00f2 raggiungere prestazioni notevoli.<\/p>\n<p>Fare report e analisi dei dati, a seconda delle esigenze di attivit\u00e0 e di gestione, rispettivamente, degli oneri e proventi, dei flussi di cassa, societ\u00e0 di analisi di redditivit\u00e0 globali e dipartimenti, ecc.;<\/p>\n<ul>\n<li>Calcolo dei costi;<\/li>\n<li>Perizia contabile;<\/li>\n<li>Restauro della contabilit\u00e0 relativa al periodo precedente;<\/li>\n<li>La nostra squadra arriva per aiutare i responsabili delle aziende, offrendo i seguenti servizi per l&#8217;informativa finanziaria e contabile;<\/li>\n<li>Reporting e analisi configurato secondo le esigenze di ciascun cliente;<\/li>\n<li>Analisi dei flussi (cash flow);<\/li>\n<li>Reddito budgeting e spese;<\/li>\n<li>L&#8217;analisi delle attivit\u00e0 e passivit\u00e0;<\/li>\n<li>L&#8217;analisi della possibilit\u00e0 di fare un investimento, etc.<\/li>\n<\/ul>\n<p>[\/vc_column_text][vc_empty_space][vc_button2 title=&#8221;Contatta un membro del nostro team di contabilit\u00e0 per maggiori dettagli sulle nostre soluzioni&#8221; align=&#8221;center&#8221; link=&#8221;url:https%3A%2F%2Fwww.financetop.ro%2Fcontact%2F|||&#8221;]<\/div><\/div><!-- #TRX_GAP_END# -->[\/vc_column][\/vc_row]<\/p>","protected":false},"excerpt":{"rendered":"<p>[vc_row][vc_column][\/vc_column][\/vc_row]<\/p>\n","protected":false},"author":1,"featured_media":0,"parent":1795,"menu_order":0,"comment_status":"closed","ping_status":"closed","template":"","meta":{"footnotes":""},"yoast_head":"<!-- This site is optimized with the Yoast SEO plugin v23.5 - https:\/\/yoast.com\/wordpress\/plugins\/seo\/ -->\n<title>Rapporti e Analisi Speciali - FINANCETOP ACCOUNTING<\/title>\n<meta name=\"description\" content=\"{:ro}Finance Top Accounting\u00a0va analiza si va intocmi periodic si la cerere rapoarte si analize contabile specifice financiare. {:}\" \/>\n<meta name=\"robots\" content=\"index, follow, max-snippet:-1, max-image-preview:large, max-video-preview:-1\" \/>\n<link rel=\"canonical\" href=\"https:\/\/www.financetop.ro\/servicii\/rapoarte-si-analiza-speciale\/\" \/>\n<meta property=\"og:locale\" content=\"it_IT\" \/>\n<meta property=\"og:type\" content=\"article\" \/>\n<meta property=\"og:title\" content=\"[:ro]Repoarte si Analiza Speciale[:en]Reports and Special Analysis[:it]Rapporti e Analisi Speciali[:] - FINANCETOP ACCOUNTING\" \/>\n<meta property=\"og:description\" content=\"{:ro}Finance Top Accounting\u00a0va analiza si va intocmi periodic si la cerere rapoarte si analize contabile specifice financiare. {:}\" \/>\n<meta property=\"og:url\" content=\"https:\/\/www.financetop.ro\/servicii\/rapoarte-si-analiza-speciale\/\" \/>\n<meta property=\"og:site_name\" content=\"FINANCETOP ACCOUNTING\" \/>\n<meta property=\"article:publisher\" content=\"https:\/\/www.facebook.com\/SAFTInterpret\" \/>\n<meta property=\"article:modified_time\" content=\"2021-07-19T07:36:47+00:00\" \/>\n<meta name=\"twitter:card\" content=\"summary_large_image\" \/>\n<meta name=\"twitter:label1\" content=\"Tempo di lettura stimato\" \/>\n\t<meta name=\"twitter:data1\" content=\"1 minuto\" \/>\n<script type=\"application\/ld+json\" class=\"yoast-schema-graph\">{\"@context\":\"https:\/\/schema.org\",\"@graph\":[{\"@type\":\"WebPage\",\"@id\":\"https:\/\/www.financetop.ro\/servicii\/rapoarte-si-analiza-speciale\/\",\"url\":\"https:\/\/www.financetop.ro\/servicii\/rapoarte-si-analiza-speciale\/\",\"name\":\"[:ro]Repoarte si Analiza Speciale[:en]Reports and Special Analysis[:it]Rapporti e Analisi Speciali[:] - FINANCETOP ACCOUNTING\",\"isPartOf\":{\"@id\":\"https:\/\/www.financetop.ro\/#website\"},\"datePublished\":\"2018-08-27T13:49:23+00:00\",\"dateModified\":\"2021-07-19T07:36:47+00:00\",\"description\":\"{:ro}Finance Top Accounting\u00a0va analiza si va intocmi periodic si la cerere rapoarte si analize contabile specifice financiare. {:}\",\"breadcrumb\":{\"@id\":\"https:\/\/www.financetop.ro\/servicii\/rapoarte-si-analiza-speciale\/#breadcrumb\"},\"inLanguage\":\"it-IT\",\"potentialAction\":[{\"@type\":\"ReadAction\",\"target\":[\"https:\/\/www.financetop.ro\/servicii\/rapoarte-si-analiza-speciale\/\"]}]},{\"@type\":\"BreadcrumbList\",\"@id\":\"https:\/\/www.financetop.ro\/servicii\/rapoarte-si-analiza-speciale\/#breadcrumb\",\"itemListElement\":[{\"@type\":\"ListItem\",\"position\":1,\"name\":\"Prima pagin\u0103\",\"item\":\"https:\/\/www.financetop.ro\/\"},{\"@type\":\"ListItem\",\"position\":2,\"name\":\"Servicii\",\"item\":\"https:\/\/www.financetop.ro\/servicii\/\"},{\"@type\":\"ListItem\",\"position\":3,\"name\":\"Repoarte si Analiza Speciale\"}]},{\"@type\":\"WebSite\",\"@id\":\"https:\/\/www.financetop.ro\/#website\",\"url\":\"https:\/\/www.financetop.ro\/\",\"name\":\"FINANCETOP ACCOUNTING\",\"description\":\"(Rom\u00e2n\u0103) Contati cu Noi, Contati pe Noi\",\"publisher\":{\"@id\":\"https:\/\/www.financetop.ro\/#organization\"},\"potentialAction\":[{\"@type\":\"SearchAction\",\"target\":{\"@type\":\"EntryPoint\",\"urlTemplate\":\"https:\/\/www.financetop.ro\/?s={search_term_string}\"},\"query-input\":{\"@type\":\"PropertyValueSpecification\",\"valueRequired\":true,\"valueName\":\"search_term_string\"}}],\"inLanguage\":\"it-IT\"},{\"@type\":\"Organization\",\"@id\":\"https:\/\/www.financetop.ro\/#organization\",\"name\":\"FINANCETOP ACCOUNTING\",\"url\":\"https:\/\/www.financetop.ro\/\",\"logo\":{\"@type\":\"ImageObject\",\"inLanguage\":\"it-IT\",\"@id\":\"https:\/\/www.financetop.ro\/#\/schema\/logo\/image\/\",\"url\":\"https:\/\/www.financetop.ro\/wp-content\/uploads\/2019\/05\/logo.jpg\",\"contentUrl\":\"https:\/\/www.financetop.ro\/wp-content\/uploads\/2019\/05\/logo.jpg\",\"width\":271,\"height\":97,\"caption\":\"FINANCETOP ACCOUNTING\"},\"image\":{\"@id\":\"https:\/\/www.financetop.ro\/#\/schema\/logo\/image\/\"},\"sameAs\":[\"https:\/\/www.facebook.com\/SAFTInterpret\"]}]}<\/script>\n<!-- \/ Yoast SEO plugin. -->","yoast_head_json":{"title":"[:ro]Repoarte si Analiza Speciale[:en]Reports and Special Analysis[:it]Rapporti e Analisi Speciali[:] - FINANCETOP ACCOUNTING","description":"{:ro}Finance Top Accounting\u00a0va analiza si va intocmi periodic si la cerere rapoarte si analize contabile specifice financiare. {:}","robots":{"index":"index","follow":"follow","max-snippet":"max-snippet:-1","max-image-preview":"max-image-preview:large","max-video-preview":"max-video-preview:-1"},"canonical":"https:\/\/www.financetop.ro\/servicii\/rapoarte-si-analiza-speciale\/","og_locale":"it_IT","og_type":"article","og_title":"[:ro]Repoarte si Analiza Speciale[:en]Reports and Special Analysis[:it]Rapporti e Analisi Speciali[:] - FINANCETOP ACCOUNTING","og_description":"{:ro}Finance Top Accounting\u00a0va analiza si va intocmi periodic si la cerere rapoarte si analize contabile specifice financiare. {:}","og_url":"https:\/\/www.financetop.ro\/servicii\/rapoarte-si-analiza-speciale\/","og_site_name":"FINANCETOP ACCOUNTING","article_publisher":"https:\/\/www.facebook.com\/SAFTInterpret","article_modified_time":"2021-07-19T07:36:47+00:00","twitter_card":"summary_large_image","twitter_misc":{"Tempo di lettura stimato":"1 minuto"},"schema":{"@context":"https:\/\/schema.org","@graph":[{"@type":"WebPage","@id":"https:\/\/www.financetop.ro\/servicii\/rapoarte-si-analiza-speciale\/","url":"https:\/\/www.financetop.ro\/servicii\/rapoarte-si-analiza-speciale\/","name":"[:ro]Repoarte si Analiza Speciale[:en]Reports and Special Analysis[:it]Rapporti e Analisi Speciali[:] - FINANCETOP ACCOUNTING","isPartOf":{"@id":"https:\/\/www.financetop.ro\/#website"},"datePublished":"2018-08-27T13:49:23+00:00","dateModified":"2021-07-19T07:36:47+00:00","description":"{:ro}Finance Top Accounting\u00a0va analiza si va intocmi periodic si la cerere rapoarte si analize contabile specifice financiare. {:}","breadcrumb":{"@id":"https:\/\/www.financetop.ro\/servicii\/rapoarte-si-analiza-speciale\/#breadcrumb"},"inLanguage":"it-IT","potentialAction":[{"@type":"ReadAction","target":["https:\/\/www.financetop.ro\/servicii\/rapoarte-si-analiza-speciale\/"]}]},{"@type":"BreadcrumbList","@id":"https:\/\/www.financetop.ro\/servicii\/rapoarte-si-analiza-speciale\/#breadcrumb","itemListElement":[{"@type":"ListItem","position":1,"name":"Prima pagin\u0103","item":"https:\/\/www.financetop.ro\/"},{"@type":"ListItem","position":2,"name":"Servicii","item":"https:\/\/www.financetop.ro\/servicii\/"},{"@type":"ListItem","position":3,"name":"Repoarte si Analiza Speciale"}]},{"@type":"WebSite","@id":"https:\/\/www.financetop.ro\/#website","url":"https:\/\/www.financetop.ro\/","name":"FINANCETOP ACCOUNTING","description":"(Rom\u00e2n\u0103) Contati cu Noi, Contati pe Noi","publisher":{"@id":"https:\/\/www.financetop.ro\/#organization"},"potentialAction":[{"@type":"SearchAction","target":{"@type":"EntryPoint","urlTemplate":"https:\/\/www.financetop.ro\/?s={search_term_string}"},"query-input":{"@type":"PropertyValueSpecification","valueRequired":true,"valueName":"search_term_string"}}],"inLanguage":"it-IT"},{"@type":"Organization","@id":"https:\/\/www.financetop.ro\/#organization","name":"FINANCETOP ACCOUNTING","url":"https:\/\/www.financetop.ro\/","logo":{"@type":"ImageObject","inLanguage":"it-IT","@id":"https:\/\/www.financetop.ro\/#\/schema\/logo\/image\/","url":"https:\/\/www.financetop.ro\/wp-content\/uploads\/2019\/05\/logo.jpg","contentUrl":"https:\/\/www.financetop.ro\/wp-content\/uploads\/2019\/05\/logo.jpg","width":271,"height":97,"caption":"FINANCETOP ACCOUNTING"},"image":{"@id":"https:\/\/www.financetop.ro\/#\/schema\/logo\/image\/"},"sameAs":["https:\/\/www.facebook.com\/SAFTInterpret"]}]}},"_links":{"self":[{"href":"https:\/\/www.financetop.ro\/it\/wp-json\/wp\/v2\/pages\/1927"}],"collection":[{"href":"https:\/\/www.financetop.ro\/it\/wp-json\/wp\/v2\/pages"}],"about":[{"href":"https:\/\/www.financetop.ro\/it\/wp-json\/wp\/v2\/types\/page"}],"author":[{"embeddable":true,"href":"https:\/\/www.financetop.ro\/it\/wp-json\/wp\/v2\/users\/1"}],"replies":[{"embeddable":true,"href":"https:\/\/www.financetop.ro\/it\/wp-json\/wp\/v2\/comments?post=1927"}],"version-history":[{"count":13,"href":"https:\/\/www.financetop.ro\/it\/wp-json\/wp\/v2\/pages\/1927\/revisions"}],"predecessor-version":[{"id":2100,"href":"https:\/\/www.financetop.ro\/it\/wp-json\/wp\/v2\/pages\/1927\/revisions\/2100"}],"up":[{"embeddable":true,"href":"https:\/\/www.financetop.ro\/it\/wp-json\/wp\/v2\/pages\/1795"}],"wp:attachment":[{"href":"https:\/\/www.financetop.ro\/it\/wp-json\/wp\/v2\/media?parent=1927"}],"curies":[{"name":"wp","href":"https:\/\/api.w.org\/{rel}","templated":true}]}}