{"id":1907,"date":"2018-08-27T11:50:14","date_gmt":"2018-08-27T09:50:14","guid":{"rendered":"https:\/\/www.financetop.ro\/?page_id=1907"},"modified":"2018-08-29T11:26:52","modified_gmt":"2018-08-29T09:26:52","slug":"contabilitate","status":"publish","type":"page","link":"https:\/\/www.financetop.ro\/it\/servicii\/contabilitate\/","title":{"rendered":"Contabilita"},"content":{"rendered":"<p>[vc_row][vc_column]<div class=\"sc_section\"><div class=\"sc_content content_wrap\"><h1 class=\"sc_title sc_title_regular \"><\/p>\n<h2 class=\"section-title\">CONTABILIT\u00c0 GENERALE<\/h2>\n<p><\/h1>[vc_column_text]<img loading=\"lazy\" decoding=\"async\" class=\" wp-image-1942 alignleft\" src=\"https:\/\/www.financetop.ro\/wp-content\/uploads\/2018\/08\/contabilitate-primara1-300x200.jpg\" alt=\"\" width=\"233\" height=\"155\" srcset=\"https:\/\/www.financetop.ro\/wp-content\/uploads\/2018\/08\/contabilitate-primara1-300x200.jpg 300w, https:\/\/www.financetop.ro\/wp-content\/uploads\/2018\/08\/contabilitate-primara1-250x167.jpg 250w, https:\/\/www.financetop.ro\/wp-content\/uploads\/2018\/08\/contabilitate-primara1-68x45.jpg 68w, https:\/\/www.financetop.ro\/wp-content\/uploads\/2018\/08\/contabilitate-primara1.jpg 390w\" sizes=\"(max-width: 233px) 100vw, 233px\" \/>La contabilit\u00e0 generale o finanziaria (contabilit\u00e0, contabilit\u00e0, contabilit\u00e0 finanziaria, contabilit\u00e0 finanziaria) \u00e8 destinata a registrare le transazioni dell&#8217;impresa con l&#8217;ambiente esterno per la determinazione periodica della situazione finanziaria e finanziaria e del risultato ottenuto.<\/p>\n<ul>\n<li>Contabilit\u00e0 cronologica e sistematica contabile di documenti primari;<\/li>\n<li>Capitale fisso, calcolo dell&#8217;ammortamento;<\/li>\n<li>Prove analitiche e sintetiche per clienti e fornitori, altri reclami e obblighi;<\/li>\n<li>Conti del tesoro (banche, casa, anticipi di tesoreria);<\/li>\n<li>Compilazione mensile del saldo di verifica, giornale e altri documenti contabili;<\/li>\n<li>IVA trimestrale e calcolo delle imposte \/ profitti;<br \/>\nStesura e presentazione delle dichiarazioni dei redditi richieste dalla legge applicabile;<\/li>\n<li>Preparazione delle relazioni finanziarie semestrali e annuali (stato patrimoniale, conto profitti e perdite, rendiconto finanziario, allegati di bilancio, ecc.) Conformemente alla legislazione in vigore e alla loro presentazione agli organi competenti;<\/li>\n<li>Inventario e valutazione del patrimonio al 31 dicembre, secondo la normativa vigente<\/li>\n<\/ul>\n<p>[\/vc_column_text][vc_button2 title=&#8221;Contatta un membro del nostro team di contabilit\u00e0 per maggiori dettagli sulle nostre soluzioni&#8221; link=&#8221;url:https%3A%2F%2Fwww.financetop.ro%2Fcontact%2F|||&#8221;]<\/div><\/div>[\/vc_column][\/vc_row]<\/p>","protected":false},"excerpt":{"rendered":"<p>[vc_row][vc_column][\/vc_column][\/vc_row]<\/p>\n","protected":false},"author":1,"featured_media":0,"parent":1795,"menu_order":0,"comment_status":"closed","ping_status":"closed","template":"","meta":{"footnotes":""},"yoast_head":"<!-- This site is optimized with the Yoast SEO plugin v23.5 - https:\/\/yoast.com\/wordpress\/plugins\/seo\/ -->\n<title>Contabilita - FINANCETOP ACCOUNTING<\/title>\n<meta name=\"description\" content=\"{:ro}Contabilitate general\u0103 sau financiar\u0103 are rolul de a \u00eenregistra tranzac\u0163iile \u00eentreprinderii cu mediul extern, pentru determinarea periodic\u0103 a situa\u0163iei patrimoniale \u015fi financiare \u015fi a rezultatului ob\u0163inut.{:}\" \/>\n<meta name=\"robots\" content=\"index, follow, max-snippet:-1, max-image-preview:large, max-video-preview:-1\" \/>\n<link rel=\"canonical\" href=\"https:\/\/www.financetop.ro\/servicii\/contabilitate\/\" \/>\n<meta property=\"og:locale\" content=\"it_IT\" \/>\n<meta property=\"og:type\" content=\"article\" \/>\n<meta property=\"og:title\" content=\"[:ro]Contabilitate[:en]Accounting[:it]Contabilita[:] - FINANCETOP ACCOUNTING\" \/>\n<meta property=\"og:description\" content=\"{:ro}Contabilitate general\u0103 sau financiar\u0103 are rolul de a \u00eenregistra tranzac\u0163iile \u00eentreprinderii cu mediul extern, pentru determinarea periodic\u0103 a situa\u0163iei patrimoniale \u015fi financiare \u015fi a rezultatului ob\u0163inut.{:}\" \/>\n<meta property=\"og:url\" content=\"https:\/\/www.financetop.ro\/servicii\/contabilitate\/\" \/>\n<meta property=\"og:site_name\" content=\"FINANCETOP ACCOUNTING\" \/>\n<meta property=\"article:publisher\" content=\"https:\/\/www.facebook.com\/SAFTInterpret\" \/>\n<meta property=\"article:modified_time\" content=\"2018-08-29T09:26:52+00:00\" \/>\n<meta property=\"og:image\" content=\"https:\/\/www.financetop.ro\/wp-content\/uploads\/2018\/08\/contabilitate-primara1-300x200.jpg\" \/>\n<meta name=\"twitter:card\" content=\"summary_large_image\" \/>\n<meta name=\"twitter:label1\" content=\"Tempo di lettura stimato\" \/>\n\t<meta name=\"twitter:data1\" content=\"3 minuti\" \/>\n<script type=\"application\/ld+json\" class=\"yoast-schema-graph\">{\"@context\":\"https:\/\/schema.org\",\"@graph\":[{\"@type\":\"WebPage\",\"@id\":\"https:\/\/www.financetop.ro\/servicii\/contabilitate\/\",\"url\":\"https:\/\/www.financetop.ro\/servicii\/contabilitate\/\",\"name\":\"[:ro]Contabilitate[:en]Accounting[:it]Contabilita[:] - FINANCETOP ACCOUNTING\",\"isPartOf\":{\"@id\":\"https:\/\/www.financetop.ro\/#website\"},\"primaryImageOfPage\":{\"@id\":\"https:\/\/www.financetop.ro\/servicii\/contabilitate\/#primaryimage\"},\"image\":{\"@id\":\"https:\/\/www.financetop.ro\/servicii\/contabilitate\/#primaryimage\"},\"thumbnailUrl\":\"https:\/\/www.financetop.ro\/wp-content\/uploads\/2018\/08\/contabilitate-primara1-300x200.jpg\",\"datePublished\":\"2018-08-27T09:50:14+00:00\",\"dateModified\":\"2018-08-29T09:26:52+00:00\",\"description\":\"{:ro}Contabilitate general\u0103 sau financiar\u0103 are rolul de a \u00eenregistra tranzac\u0163iile \u00eentreprinderii cu mediul extern, pentru determinarea periodic\u0103 a situa\u0163iei patrimoniale \u015fi financiare \u015fi a rezultatului ob\u0163inut.{:}\",\"breadcrumb\":{\"@id\":\"https:\/\/www.financetop.ro\/servicii\/contabilitate\/#breadcrumb\"},\"inLanguage\":\"it-IT\",\"potentialAction\":[{\"@type\":\"ReadAction\",\"target\":[\"https:\/\/www.financetop.ro\/servicii\/contabilitate\/\"]}]},{\"@type\":\"ImageObject\",\"inLanguage\":\"it-IT\",\"@id\":\"https:\/\/www.financetop.ro\/servicii\/contabilitate\/#primaryimage\",\"url\":\"https:\/\/www.financetop.ro\/wp-content\/uploads\/2018\/08\/contabilitate-primara1-300x200.jpg\",\"contentUrl\":\"https:\/\/www.financetop.ro\/wp-content\/uploads\/2018\/08\/contabilitate-primara1-300x200.jpg\"},{\"@type\":\"BreadcrumbList\",\"@id\":\"https:\/\/www.financetop.ro\/servicii\/contabilitate\/#breadcrumb\",\"itemListElement\":[{\"@type\":\"ListItem\",\"position\":1,\"name\":\"Prima pagin\u0103\",\"item\":\"https:\/\/www.financetop.ro\/\"},{\"@type\":\"ListItem\",\"position\":2,\"name\":\"Servicii\",\"item\":\"https:\/\/www.financetop.ro\/servicii\/\"},{\"@type\":\"ListItem\",\"position\":3,\"name\":\"Contabilitate\"}]},{\"@type\":\"WebSite\",\"@id\":\"https:\/\/www.financetop.ro\/#website\",\"url\":\"https:\/\/www.financetop.ro\/\",\"name\":\"FINANCETOP ACCOUNTING\",\"description\":\"(Rom\u00e2n\u0103) Contati cu Noi, Contati pe Noi\",\"publisher\":{\"@id\":\"https:\/\/www.financetop.ro\/#organization\"},\"potentialAction\":[{\"@type\":\"SearchAction\",\"target\":{\"@type\":\"EntryPoint\",\"urlTemplate\":\"https:\/\/www.financetop.ro\/?s={search_term_string}\"},\"query-input\":{\"@type\":\"PropertyValueSpecification\",\"valueRequired\":true,\"valueName\":\"search_term_string\"}}],\"inLanguage\":\"it-IT\"},{\"@type\":\"Organization\",\"@id\":\"https:\/\/www.financetop.ro\/#organization\",\"name\":\"FINANCETOP ACCOUNTING\",\"url\":\"https:\/\/www.financetop.ro\/\",\"logo\":{\"@type\":\"ImageObject\",\"inLanguage\":\"it-IT\",\"@id\":\"https:\/\/www.financetop.ro\/#\/schema\/logo\/image\/\",\"url\":\"https:\/\/www.financetop.ro\/wp-content\/uploads\/2019\/05\/logo.jpg\",\"contentUrl\":\"https:\/\/www.financetop.ro\/wp-content\/uploads\/2019\/05\/logo.jpg\",\"width\":271,\"height\":97,\"caption\":\"FINANCETOP ACCOUNTING\"},\"image\":{\"@id\":\"https:\/\/www.financetop.ro\/#\/schema\/logo\/image\/\"},\"sameAs\":[\"https:\/\/www.facebook.com\/SAFTInterpret\"]}]}<\/script>\n<!-- \/ Yoast SEO plugin. -->","yoast_head_json":{"title":"[:ro]Contabilitate[:en]Accounting[:it]Contabilita[:] - FINANCETOP ACCOUNTING","description":"{:ro}Contabilitate general\u0103 sau financiar\u0103 are rolul de a \u00eenregistra tranzac\u0163iile \u00eentreprinderii cu mediul extern, pentru determinarea periodic\u0103 a situa\u0163iei patrimoniale \u015fi financiare \u015fi a rezultatului ob\u0163inut.{:}","robots":{"index":"index","follow":"follow","max-snippet":"max-snippet:-1","max-image-preview":"max-image-preview:large","max-video-preview":"max-video-preview:-1"},"canonical":"https:\/\/www.financetop.ro\/servicii\/contabilitate\/","og_locale":"it_IT","og_type":"article","og_title":"[:ro]Contabilitate[:en]Accounting[:it]Contabilita[:] - FINANCETOP ACCOUNTING","og_description":"{:ro}Contabilitate general\u0103 sau financiar\u0103 are rolul de a \u00eenregistra tranzac\u0163iile \u00eentreprinderii cu mediul extern, pentru determinarea periodic\u0103 a situa\u0163iei patrimoniale \u015fi financiare \u015fi a rezultatului ob\u0163inut.{:}","og_url":"https:\/\/www.financetop.ro\/servicii\/contabilitate\/","og_site_name":"FINANCETOP ACCOUNTING","article_publisher":"https:\/\/www.facebook.com\/SAFTInterpret","article_modified_time":"2018-08-29T09:26:52+00:00","og_image":[{"url":"https:\/\/www.financetop.ro\/wp-content\/uploads\/2018\/08\/contabilitate-primara1-300x200.jpg"}],"twitter_card":"summary_large_image","twitter_misc":{"Tempo di lettura stimato":"3 minuti"},"schema":{"@context":"https:\/\/schema.org","@graph":[{"@type":"WebPage","@id":"https:\/\/www.financetop.ro\/servicii\/contabilitate\/","url":"https:\/\/www.financetop.ro\/servicii\/contabilitate\/","name":"[:ro]Contabilitate[:en]Accounting[:it]Contabilita[:] - FINANCETOP ACCOUNTING","isPartOf":{"@id":"https:\/\/www.financetop.ro\/#website"},"primaryImageOfPage":{"@id":"https:\/\/www.financetop.ro\/servicii\/contabilitate\/#primaryimage"},"image":{"@id":"https:\/\/www.financetop.ro\/servicii\/contabilitate\/#primaryimage"},"thumbnailUrl":"https:\/\/www.financetop.ro\/wp-content\/uploads\/2018\/08\/contabilitate-primara1-300x200.jpg","datePublished":"2018-08-27T09:50:14+00:00","dateModified":"2018-08-29T09:26:52+00:00","description":"{:ro}Contabilitate general\u0103 sau financiar\u0103 are rolul de a \u00eenregistra tranzac\u0163iile \u00eentreprinderii cu mediul extern, pentru determinarea periodic\u0103 a situa\u0163iei patrimoniale \u015fi financiare \u015fi a rezultatului ob\u0163inut.{:}","breadcrumb":{"@id":"https:\/\/www.financetop.ro\/servicii\/contabilitate\/#breadcrumb"},"inLanguage":"it-IT","potentialAction":[{"@type":"ReadAction","target":["https:\/\/www.financetop.ro\/servicii\/contabilitate\/"]}]},{"@type":"ImageObject","inLanguage":"it-IT","@id":"https:\/\/www.financetop.ro\/servicii\/contabilitate\/#primaryimage","url":"https:\/\/www.financetop.ro\/wp-content\/uploads\/2018\/08\/contabilitate-primara1-300x200.jpg","contentUrl":"https:\/\/www.financetop.ro\/wp-content\/uploads\/2018\/08\/contabilitate-primara1-300x200.jpg"},{"@type":"BreadcrumbList","@id":"https:\/\/www.financetop.ro\/servicii\/contabilitate\/#breadcrumb","itemListElement":[{"@type":"ListItem","position":1,"name":"Prima pagin\u0103","item":"https:\/\/www.financetop.ro\/"},{"@type":"ListItem","position":2,"name":"Servicii","item":"https:\/\/www.financetop.ro\/servicii\/"},{"@type":"ListItem","position":3,"name":"Contabilitate"}]},{"@type":"WebSite","@id":"https:\/\/www.financetop.ro\/#website","url":"https:\/\/www.financetop.ro\/","name":"FINANCETOP ACCOUNTING","description":"(Rom\u00e2n\u0103) Contati cu Noi, Contati pe Noi","publisher":{"@id":"https:\/\/www.financetop.ro\/#organization"},"potentialAction":[{"@type":"SearchAction","target":{"@type":"EntryPoint","urlTemplate":"https:\/\/www.financetop.ro\/?s={search_term_string}"},"query-input":{"@type":"PropertyValueSpecification","valueRequired":true,"valueName":"search_term_string"}}],"inLanguage":"it-IT"},{"@type":"Organization","@id":"https:\/\/www.financetop.ro\/#organization","name":"FINANCETOP ACCOUNTING","url":"https:\/\/www.financetop.ro\/","logo":{"@type":"ImageObject","inLanguage":"it-IT","@id":"https:\/\/www.financetop.ro\/#\/schema\/logo\/image\/","url":"https:\/\/www.financetop.ro\/wp-content\/uploads\/2019\/05\/logo.jpg","contentUrl":"https:\/\/www.financetop.ro\/wp-content\/uploads\/2019\/05\/logo.jpg","width":271,"height":97,"caption":"FINANCETOP ACCOUNTING"},"image":{"@id":"https:\/\/www.financetop.ro\/#\/schema\/logo\/image\/"},"sameAs":["https:\/\/www.facebook.com\/SAFTInterpret"]}]}},"_links":{"self":[{"href":"https:\/\/www.financetop.ro\/it\/wp-json\/wp\/v2\/pages\/1907"}],"collection":[{"href":"https:\/\/www.financetop.ro\/it\/wp-json\/wp\/v2\/pages"}],"about":[{"href":"https:\/\/www.financetop.ro\/it\/wp-json\/wp\/v2\/types\/page"}],"author":[{"embeddable":true,"href":"https:\/\/www.financetop.ro\/it\/wp-json\/wp\/v2\/users\/1"}],"replies":[{"embeddable":true,"href":"https:\/\/www.financetop.ro\/it\/wp-json\/wp\/v2\/comments?post=1907"}],"version-history":[{"count":17,"href":"https:\/\/www.financetop.ro\/it\/wp-json\/wp\/v2\/pages\/1907\/revisions"}],"predecessor-version":[{"id":1947,"href":"https:\/\/www.financetop.ro\/it\/wp-json\/wp\/v2\/pages\/1907\/revisions\/1947"}],"up":[{"embeddable":true,"href":"https:\/\/www.financetop.ro\/it\/wp-json\/wp\/v2\/pages\/1795"}],"wp:attachment":[{"href":"https:\/\/www.financetop.ro\/it\/wp-json\/wp\/v2\/media?parent=1907"}],"curies":[{"name":"wp","href":"https:\/\/api.w.org\/{rel}","templated":true}]}}